{"id":394,"date":"2021-03-03T02:25:52","date_gmt":"2021-03-03T02:25:52","guid":{"rendered":"http:\/\/leroyal.local\/biography\/"},"modified":"2022-06-13T12:53:28","modified_gmt":"2022-06-13T12:53:28","slug":"notre-histoire","status":"publish","type":"page","link":"https:\/\/www.leroyal.eu\/?page_id=394","title":{"rendered":"Notre histoire"},"content":{"rendered":"\t\t<div data-elementor-type=\"wp-page\" data-elementor-id=\"394\" class=\"elementor elementor-394\">\n\t\t\t\t\t\t<section class=\"elementor-section elementor-top-section elementor-element elementor-element-d8669b5 elementor-section-height-full elementor-section-items-bottom elementor-section-boxed elementor-section-height-default\" data-id=\"d8669b5\" data-element_type=\"section\" data-e-type=\"section\" data-settings=\"{&quot;background_background&quot;:&quot;classic&quot;}\">\n\t\t\t\t\t\t\t<div class=\"elementor-background-overlay\"><\/div>\n\t\t\t\t\t\t\t<div class=\"elementor-container elementor-column-gap-no\">\n\t\t\t\t\t<div class=\"elementor-column elementor-col-100 elementor-top-column elementor-element elementor-element-26a7d5a\" data-id=\"26a7d5a\" data-element_type=\"column\" data-e-type=\"column\">\n\t\t\t<div class=\"elementor-widget-wrap elementor-element-populated\">\n\t\t\t\t\t\t<div class=\"elementor-element elementor-element-0ce8a1e elementor-invisible elementor-widget elementor-widget-heading\" data-id=\"0ce8a1e\" data-element_type=\"widget\" data-e-type=\"widget\" data-settings=\"{&quot;_animation&quot;:&quot;fadeInUp&quot;}\" data-widget_type=\"heading.default\">\n\t\t\t\t<div class=\"elementor-widget-container\">\n\t\t\t\t\t<h1 class=\"elementor-heading-title elementor-size-default\">notre histoire<\/h1>\t\t\t\t<\/div>\n\t\t\t\t<\/div>\n\t\t\t\t<div class=\"elementor-element elementor-element-c5e9bf3 elementor-invisible elementor-widget elementor-widget-lottie\" data-id=\"c5e9bf3\" data-element_type=\"widget\" data-e-type=\"widget\" data-settings=\"{&quot;_animation&quot;:&quot;bounceInUp&quot;,&quot;_animation_delay&quot;:1000}\" data-widget_type=\"lottie.default\">\n\t\t\t\t<div class=\"elementor-widget-container\">\n\t\t\t\t\t \t\t\t\t<\/div>\n\t\t\t\t<\/div>\n\t\t\t\t\t<\/div>\n\t\t<\/div>\n\t\t\t\t\t<\/div>\n\t\t<\/section>\n\t\t\t\t<section class=\"elementor-section elementor-top-section elementor-element elementor-element-582ddb0 elementor-section-boxed elementor-section-height-default elementor-section-height-default\" data-id=\"582ddb0\" data-element_type=\"section\" data-e-type=\"section\">\n\t\t\t\t\t\t<div class=\"elementor-container elementor-column-gap-default\">\n\t\t\t\t\t<div class=\"elementor-column elementor-col-100 elementor-top-column elementor-element elementor-element-0adef47\" data-id=\"0adef47\" data-element_type=\"column\" data-e-type=\"column\">\n\t\t\t<div class=\"elementor-widget-wrap elementor-element-populated\">\n\t\t\t\t\t\t<div class=\"elementor-element elementor-element-81a4510 elementor-widget elementor-widget-spacer\" data-id=\"81a4510\" data-element_type=\"widget\" data-e-type=\"widget\" data-widget_type=\"spacer.default\">\n\t\t\t\t<div class=\"elementor-widget-container\">\n\t\t\t\t\t\t\t<div class=\"elementor-spacer\">\n\t\t\t<div class=\"elementor-spacer-inner\"><\/div>\n\t\t<\/div>\n\t\t\t\t\t\t<\/div>\n\t\t\t\t<\/div>\n\t\t\t\t<div class=\"elementor-element elementor-element-28ff9fc elementor-invisible elementor-widget elementor-widget-heading\" data-id=\"28ff9fc\" data-element_type=\"widget\" data-e-type=\"widget\" data-settings=\"{&quot;_animation&quot;:&quot;fadeInDown&quot;}\" data-widget_type=\"heading.default\">\n\t\t\t\t<div class=\"elementor-widget-container\">\n\t\t\t\t\t<h2 class=\"elementor-heading-title elementor-size-default\">Notre histoire<\/h2>\t\t\t\t<\/div>\n\t\t\t\t<\/div>\n\t\t\t\t<div class=\"elementor-element elementor-element-5ab13d4 elementor-widget elementor-widget-spacer\" data-id=\"5ab13d4\" data-element_type=\"widget\" data-e-type=\"widget\" data-widget_type=\"spacer.default\">\n\t\t\t\t<div class=\"elementor-widget-container\">\n\t\t\t\t\t\t\t<div class=\"elementor-spacer\">\n\t\t\t<div class=\"elementor-spacer-inner\"><\/div>\n\t\t<\/div>\n\t\t\t\t\t\t<\/div>\n\t\t\t\t<\/div>\n\t\t\t\t\t<\/div>\n\t\t<\/div>\n\t\t\t\t\t<\/div>\n\t\t<\/section>\n\t\t\t\t<section class=\"elementor-section elementor-top-section elementor-element elementor-element-af255b8 elementor-section-boxed elementor-section-height-default elementor-section-height-default\" data-id=\"af255b8\" data-element_type=\"section\" data-e-type=\"section\">\n\t\t\t\t\t\t<div class=\"elementor-container elementor-column-gap-default\">\n\t\t\t\t\t<div class=\"elementor-column elementor-col-66 elementor-top-column elementor-element elementor-element-dcfcfd4\" data-id=\"dcfcfd4\" data-element_type=\"column\" data-e-type=\"column\">\n\t\t\t<div class=\"elementor-widget-wrap elementor-element-populated\">\n\t\t\t\t\t\t<div class=\"elementor-element elementor-element-16a4650 elementor-invisible elementor-widget elementor-widget-text-editor\" data-id=\"16a4650\" data-element_type=\"widget\" data-e-type=\"widget\" data-settings=\"{&quot;_animation&quot;:&quot;fadeInLeft&quot;,&quot;_animation_delay&quot;:500}\" data-widget_type=\"text-editor.default\">\n\t\t\t\t<div class=\"elementor-widget-container\">\n\t\t\t\t\t\t\t\t\t<p>Notre histoire d\u00e9bute en 1871. A cette \u00e9poque, l\u2019Alsace et la Moselle furent annex\u00e9es \u00e0 l\u2019Empire Allemand.<\/p><p>Dans le Saint empire Romain Germanique, les progr\u00e8s de l\u2019industrie n\u00e9cessit\u00e8rent de nouvelles lois\u00a0industrielles, donnant lieu \u00e0 la cr\u00e9ation du syst\u00e8me de <strong>corporations<\/strong>. Les Messins surent profiter de cette\u00a0nouvelle r\u00e9glementation qui permettait le d\u00e9veloppement des int\u00e9r\u00eats de l\u2019artisanat, en b\u00e2tissant <a href=\"https:\/\/fr.wikipedia.org\/wiki\/H%C3%B4tel_des_Arts_et_M%C3%A9tiers_de_Metz\" target=\"_blank\" rel=\"noopener\"><strong>l\u2019H\u00f4tel<\/strong>\u00a0<strong>des Arts et M\u00e9tiers<\/strong><\/a> de Metz, singulier b\u00e2timent en gr\u00e8s rose.<\/p>\t\t\t\t\t\t\t\t<\/div>\n\t\t\t\t<\/div>\n\t\t\t\t\t<\/div>\n\t\t<\/div>\n\t\t\t\t<div class=\"elementor-column elementor-col-33 elementor-top-column elementor-element elementor-element-66817ee\" data-id=\"66817ee\" data-element_type=\"column\" data-e-type=\"column\">\n\t\t\t<div class=\"elementor-widget-wrap elementor-element-populated\">\n\t\t\t\t\t\t<div class=\"elementor-element elementor-element-d04092e elementor-invisible elementor-widget elementor-widget-image\" data-id=\"d04092e\" data-element_type=\"widget\" data-e-type=\"widget\" data-settings=\"{&quot;_animation&quot;:&quot;fadeInRight&quot;,&quot;_animation_delay&quot;:500}\" data-widget_type=\"image.default\">\n\t\t\t\t<div class=\"elementor-widget-container\">\n\t\t\t\t\t\t\t\t\t\t\t\t\t\t\t<img decoding=\"async\" src=\"https:\/\/www.leroyal.eu\/wp-content\/uploads\/elementor\/thumbs\/Metz-Royal-pk96gbqru02su87vtzldexqvr4c1aa2wpjbcbs389s.jpg\" title=\"Metz Royal\" alt=\"notre histoire\" loading=\"lazy\" \/>\t\t\t\t\t\t\t\t\t\t\t\t\t\t\t<\/div>\n\t\t\t\t<\/div>\n\t\t\t\t<div class=\"elementor-element elementor-element-fca5797 elementor-widget elementor-widget-spacer\" data-id=\"fca5797\" data-element_type=\"widget\" data-e-type=\"widget\" data-widget_type=\"spacer.default\">\n\t\t\t\t<div class=\"elementor-widget-container\">\n\t\t\t\t\t\t\t<div class=\"elementor-spacer\">\n\t\t\t<div class=\"elementor-spacer-inner\"><\/div>\n\t\t<\/div>\n\t\t\t\t\t\t<\/div>\n\t\t\t\t<\/div>\n\t\t\t\t\t<\/div>\n\t\t<\/div>\n\t\t\t\t\t<\/div>\n\t\t<\/section>\n\t\t\t\t<section class=\"elementor-section elementor-top-section elementor-element elementor-element-869ed1d elementor-section-boxed elementor-section-height-default elementor-section-height-default\" data-id=\"869ed1d\" data-element_type=\"section\" data-e-type=\"section\">\n\t\t\t\t\t\t<div class=\"elementor-container elementor-column-gap-default\">\n\t\t\t\t\t<div class=\"elementor-column elementor-col-33 elementor-top-column elementor-element elementor-element-e92e135\" data-id=\"e92e135\" data-element_type=\"column\" data-e-type=\"column\">\n\t\t\t<div class=\"elementor-widget-wrap elementor-element-populated\">\n\t\t\t\t\t\t<div class=\"elementor-element elementor-element-dad4c0f elementor-invisible elementor-widget elementor-widget-image\" data-id=\"dad4c0f\" data-element_type=\"widget\" data-e-type=\"widget\" data-settings=\"{&quot;_animation&quot;:&quot;fadeInLeft&quot;,&quot;_animation_delay&quot;:500}\" data-widget_type=\"image.default\">\n\t\t\t\t<div class=\"elementor-widget-container\">\n\t\t\t\t\t\t\t\t\t\t\t\t\t\t\t<img fetchpriority=\"high\" decoding=\"async\" width=\"439\" height=\"298\" src=\"https:\/\/www.leroyal.eu\/wp-content\/uploads\/2021\/08\/h2.jpg\" class=\"attachment-full size-full wp-image-695\" alt=\"\" srcset=\"https:\/\/www.leroyal.eu\/wp-content\/uploads\/2021\/08\/h2.jpg 439w, https:\/\/www.leroyal.eu\/wp-content\/uploads\/2021\/08\/h2-300x204.jpg 300w\" sizes=\"(max-width: 439px) 100vw, 439px\" \/>\t\t\t\t\t\t\t\t\t\t\t\t\t\t\t<\/div>\n\t\t\t\t<\/div>\n\t\t\t\t\t<\/div>\n\t\t<\/div>\n\t\t\t\t<div class=\"elementor-column elementor-col-66 elementor-top-column elementor-element elementor-element-20d70ee\" data-id=\"20d70ee\" data-element_type=\"column\" data-e-type=\"column\">\n\t\t\t<div class=\"elementor-widget-wrap elementor-element-populated\">\n\t\t\t\t\t\t<div class=\"elementor-element elementor-element-1604c1b elementor-invisible elementor-widget elementor-widget-text-editor\" data-id=\"1604c1b\" data-element_type=\"widget\" data-e-type=\"widget\" data-settings=\"{&quot;_animation&quot;:&quot;fadeInRight&quot;,&quot;_animation_delay&quot;:500}\" data-widget_type=\"text-editor.default\">\n\t\t\t\t<div class=\"elementor-widget-container\">\n\t\t\t\t\t\t\t\t\t<p>Ce seront les plans de l&#8217;architecte Strasbourgeois <em>Gustave Oberthur<\/em> et de son adjoint <em>Ernst Priedat&nbsp;<\/em>qui seront s\u00e9lectionn\u00e9s pour am\u00e9nager le futur <strong>Quartier imp\u00e9rial<\/strong> de la ville, rassemblant notamment la Gare et la Poste.&nbsp;<\/p><p><span style=\"font-style: inherit;\">Le dernier Empereur Prussien, <\/span><em>Guillaume II<\/em><span style=\"font-style: inherit;\">, inaugura donc ce monument sous le nom de <\/span><strong style=\"font-style: inherit;\">Gewerbehaus<\/strong><span style=\"font-style: inherit;\"> (Maison de Commerce ou Maison de l\u2019Artisanat), en 1909.<\/span><\/p>\n<p>D\u00e8s le d\u00e9but du XX\u00e8me si\u00e8cle, le Gewerbehaus est ainsi le lieu de rencontre des <strong>Sept Corporations fondatrices<\/strong> :<\/p>\n<p>Menuisiers; Serruriers; Cordonniers; Tailleurs; Coiffeurs; Boulangers; Bouchers; dont quatre sont repr\u00e9sent\u00e9es sous forme de blason sur les vitraux de la grande Salle des F\u00eates.<\/p>\t\t\t\t\t\t\t\t<\/div>\n\t\t\t\t<\/div>\n\t\t\t\t<div class=\"elementor-element elementor-element-7267843 elementor-widget elementor-widget-spacer\" data-id=\"7267843\" data-element_type=\"widget\" data-e-type=\"widget\" data-widget_type=\"spacer.default\">\n\t\t\t\t<div class=\"elementor-widget-container\">\n\t\t\t\t\t\t\t<div class=\"elementor-spacer\">\n\t\t\t<div class=\"elementor-spacer-inner\"><\/div>\n\t\t<\/div>\n\t\t\t\t\t\t<\/div>\n\t\t\t\t<\/div>\n\t\t\t\t\t<\/div>\n\t\t<\/div>\n\t\t\t\t\t<\/div>\n\t\t<\/section>\n\t\t\t\t<section class=\"elementor-section elementor-top-section elementor-element elementor-element-5355bb2 elementor-section-boxed elementor-section-height-default elementor-section-height-default\" data-id=\"5355bb2\" data-element_type=\"section\" data-e-type=\"section\">\n\t\t\t\t\t\t<div class=\"elementor-container elementor-column-gap-default\">\n\t\t\t\t\t<div class=\"elementor-column elementor-col-66 elementor-top-column elementor-element elementor-element-0db9ca1\" data-id=\"0db9ca1\" data-element_type=\"column\" data-e-type=\"column\">\n\t\t\t<div class=\"elementor-widget-wrap elementor-element-populated\">\n\t\t\t\t\t\t<div class=\"elementor-element elementor-element-78a61ec elementor-invisible elementor-widget elementor-widget-text-editor\" data-id=\"78a61ec\" data-element_type=\"widget\" data-e-type=\"widget\" data-settings=\"{&quot;_animation&quot;:&quot;fadeInLeft&quot;,&quot;_animation_delay&quot;:500}\" data-widget_type=\"text-editor.default\">\n\t\t\t\t<div class=\"elementor-widget-container\">\n\t\t\t\t\t\t\t\t\t<p>Durant la Premi\u00e8re Guerre Mondiale, le <strong>Gewerbehaus<\/strong> officia en tant que sanatorium\/h\u00f4pital de repos pour soldats Allemands. Puis, en 1919,\u00a0le Cin\u00e9ma Lorrain, plus tard renomm\u00e9 Le Royal, ouvre ses portes aux premiers cin\u00e9philes. C&#8217;est donc \u00e0 partir des ann\u00e9es 1920 que les six immenses\u00a0baies circulaires des vitraux ont \u00e9t\u00e9 <strong>occult\u00e9es<\/strong> au profit de l&#8217;assombrissement d&#8217;une salle de cin\u00e9ma familiale, puis \u00e9rotique depuis 1969.<\/p><p><a href=\"https:\/\/www.leroyal.eu\/\">Le Royal<\/a> accueille ensuite en 1923 le si\u00e8ge de la <strong>Chambre des M\u00e9tiers et de l&#8217;Artisanat de Moselle<\/strong>,\u00a0inaugur\u00e9e par le Pr\u00e9sident de la R\u00e9publique <em>Alexandre Millerand<\/em>.<\/p>\t\t\t\t\t\t\t\t<\/div>\n\t\t\t\t<\/div>\n\t\t\t\t\t<\/div>\n\t\t<\/div>\n\t\t\t\t<div class=\"elementor-column elementor-col-33 elementor-top-column elementor-element elementor-element-45a6a2a\" data-id=\"45a6a2a\" data-element_type=\"column\" data-e-type=\"column\">\n\t\t\t<div class=\"elementor-widget-wrap elementor-element-populated\">\n\t\t\t\t\t\t<div class=\"elementor-element elementor-element-fc97fa4 elementor-invisible elementor-widget elementor-widget-image\" data-id=\"fc97fa4\" data-element_type=\"widget\" data-e-type=\"widget\" data-settings=\"{&quot;_animation&quot;:&quot;fadeInRight&quot;,&quot;_animation_delay&quot;:500}\" data-widget_type=\"image.default\">\n\t\t\t\t<div class=\"elementor-widget-container\">\n\t\t\t\t\t\t\t\t\t\t\t\t\t\t\t<img decoding=\"async\" width=\"445\" height=\"303\" src=\"https:\/\/www.leroyal.eu\/wp-content\/uploads\/2021\/08\/h1.jpg\" class=\"attachment-large size-large wp-image-694\" alt=\"\" srcset=\"https:\/\/www.leroyal.eu\/wp-content\/uploads\/2021\/08\/h1.jpg 445w, https:\/\/www.leroyal.eu\/wp-content\/uploads\/2021\/08\/h1-300x204.jpg 300w\" sizes=\"(max-width: 445px) 100vw, 445px\" \/>\t\t\t\t\t\t\t\t\t\t\t\t\t\t\t<\/div>\n\t\t\t\t<\/div>\n\t\t\t\t<div class=\"elementor-element elementor-element-23bc4e2 elementor-widget elementor-widget-spacer\" data-id=\"23bc4e2\" data-element_type=\"widget\" data-e-type=\"widget\" data-widget_type=\"spacer.default\">\n\t\t\t\t<div class=\"elementor-widget-container\">\n\t\t\t\t\t\t\t<div class=\"elementor-spacer\">\n\t\t\t<div class=\"elementor-spacer-inner\"><\/div>\n\t\t<\/div>\n\t\t\t\t\t\t<\/div>\n\t\t\t\t<\/div>\n\t\t\t\t\t<\/div>\n\t\t<\/div>\n\t\t\t\t\t<\/div>\n\t\t<\/section>\n\t\t\t\t<section class=\"elementor-section elementor-top-section elementor-element elementor-element-68c2968 elementor-section-boxed elementor-section-height-default elementor-section-height-default\" data-id=\"68c2968\" data-element_type=\"section\" data-e-type=\"section\">\n\t\t\t\t\t\t<div class=\"elementor-container elementor-column-gap-default\">\n\t\t\t\t\t<div class=\"elementor-column elementor-col-100 elementor-top-column elementor-element elementor-element-07ded44\" data-id=\"07ded44\" data-element_type=\"column\" data-e-type=\"column\">\n\t\t\t<div class=\"elementor-widget-wrap elementor-element-populated\">\n\t\t\t\t\t\t<div class=\"elementor-element elementor-element-5a80e86 elementor-invisible elementor-widget elementor-widget-text-editor\" data-id=\"5a80e86\" data-element_type=\"widget\" data-e-type=\"widget\" data-settings=\"{&quot;_animation&quot;:&quot;fadeInUp&quot;,&quot;_animation_delay&quot;:500}\" data-widget_type=\"text-editor.default\">\n\t\t\t\t<div class=\"elementor-widget-container\">\n\t\t\t\t\t\t\t\t\t<p>Transform\u00e9 en salle de cin\u00e9ma grand public, puis cin\u00e9ma d&#8217;art et d&#8217;essai, le Royal a toujours \u00e9t\u00e9 un\u00a0&#8220;<strong>immeuble vitrine, immeuble festif, immeuble administratif, immeuble de rapport, immeuble de formation\u00a0sp\u00e9cifique et technique<\/strong>&#8221;\u00a0incarnant &#8220;<strong>un symbole de l&#8217;esprit populaire et\u00a0cr\u00e9ateur&#8221;.<\/strong><\/p><p>D\u00e9crit comme &#8221; <strong>l&#8217;une des cr\u00e9ations les plus originales et les plus d\u00e9rangeantes de la Nouvelle Ville<\/strong>&#8220;, cet\u00a0\u00e9tablissement historiciste mais novateur, polyvalent et grandiose, &#8220;m\u00e9rite d&#8217;\u00eatre reconnu et r\u00e9habilit\u00e9&#8221;\u00a0(source :\u00a0<em>Pignon Feller<\/em>, 2001, p.13).<\/p>\t\t\t\t\t\t\t\t<\/div>\n\t\t\t\t<\/div>\n\t\t\t\t\t<\/div>\n\t\t<\/div>\n\t\t\t\t\t<\/div>\n\t\t<\/section>\n\t\t\t\t<section class=\"elementor-section elementor-top-section elementor-element elementor-element-70de74b elementor-section-boxed elementor-section-height-default elementor-section-height-default\" data-id=\"70de74b\" data-element_type=\"section\" data-e-type=\"section\">\n\t\t\t\t\t\t<div class=\"elementor-container elementor-column-gap-default\">\n\t\t\t\t\t<div class=\"elementor-column elementor-col-100 elementor-top-column elementor-element elementor-element-def395e\" data-id=\"def395e\" data-element_type=\"column\" data-e-type=\"column\">\n\t\t\t<div class=\"elementor-widget-wrap elementor-element-populated\">\n\t\t\t\t\t\t<div class=\"elementor-element elementor-element-6e6549f elementor-widget elementor-widget-spacer\" data-id=\"6e6549f\" data-element_type=\"widget\" data-e-type=\"widget\" data-widget_type=\"spacer.default\">\n\t\t\t\t<div class=\"elementor-widget-container\">\n\t\t\t\t\t\t\t<div class=\"elementor-spacer\">\n\t\t\t<div class=\"elementor-spacer-inner\"><\/div>\n\t\t<\/div>\n\t\t\t\t\t\t<\/div>\n\t\t\t\t<\/div>\n\t\t\t\t<div class=\"elementor-element elementor-element-ab4ee1d elementor-widget-divider--view-line elementor-widget elementor-widget-divider\" data-id=\"ab4ee1d\" data-element_type=\"widget\" data-e-type=\"widget\" data-widget_type=\"divider.default\">\n\t\t\t\t<div class=\"elementor-widget-container\">\n\t\t\t\t\t\t\t<div class=\"elementor-divider\">\n\t\t\t<span class=\"elementor-divider-separator\">\n\t\t\t\t\t\t<\/span>\n\t\t<\/div>\n\t\t\t\t\t\t<\/div>\n\t\t\t\t<\/div>\n\t\t\t\t\t<\/div>\n\t\t<\/div>\n\t\t\t\t\t<\/div>\n\t\t<\/section>\n\t\t\t\t<\/div>\n\t\t","protected":false},"excerpt":{"rendered":"<p>notre histoire Notre histoire Notre histoire d\u00e9bute en 1871. A cette \u00e9poque, l\u2019Alsace et la Moselle furent annex\u00e9es \u00e0 l\u2019Empire Allemand. Dans le Saint empire Romain Germanique, les progr\u00e8s de l\u2019industrie n\u00e9cessit\u00e8rent de nouvelles lois&nbsp;industrielles, donnant lieu \u00e0 la cr\u00e9ation du syst\u00e8me de corporations. Les Messins surent profiter de cette&nbsp;nouvelle r\u00e9glementation qui permettait le d\u00e9veloppement [&hellip;]<\/p>\n","protected":false},"author":9,"featured_media":0,"parent":0,"menu_order":0,"comment_status":"closed","ping_status":"closed","template":"","meta":{"site-sidebar-layout":"no-sidebar","site-content-layout":"page-builder","ast-site-content-layout":"default","site-content-style":"default","site-sidebar-style":"default","ast-global-header-display":"","ast-banner-title-visibility":"","ast-main-header-display":"","ast-hfb-above-header-display":"","ast-hfb-below-header-display":"","ast-hfb-mobile-header-display":"","site-post-title":"disabled","ast-breadcrumbs-content":"disabled","ast-featured-img":"disabled","footer-sml-layout":"","ast-disable-related-posts":"","theme-transparent-header-meta":"enabled","adv-header-id-meta":"","stick-header-meta":"","header-above-stick-meta":"","header-main-stick-meta":"","header-below-stick-meta":"","astra-migrate-meta-layouts":"default","ast-page-background-enabled":"default","ast-page-background-meta":{"desktop":{"background-color":"","background-image":"","background-repeat":"repeat","background-position":"center center","background-size":"auto","background-attachment":"scroll","background-type":"","background-media":"","overlay-type":"","overlay-color":"","overlay-opacity":"","overlay-gradient":""},"tablet":{"background-color":"","background-image":"","background-repeat":"repeat","background-position":"center center","background-size":"auto","background-attachment":"scroll","background-type":"","background-media":"","overlay-type":"","overlay-color":"","overlay-opacity":"","overlay-gradient":""},"mobile":{"background-color":"","background-image":"","background-repeat":"repeat","background-position":"center center","background-size":"auto","background-attachment":"scroll","background-type":"","background-media":"","overlay-type":"","overlay-color":"","overlay-opacity":"","overlay-gradient":""}},"ast-content-background-meta":{"desktop":{"background-color":"var(--ast-global-color-5)","background-image":"","background-repeat":"repeat","background-position":"center center","background-size":"auto","background-attachment":"scroll","background-type":"","background-media":"","overlay-type":"","overlay-color":"","overlay-opacity":"","overlay-gradient":""},"tablet":{"background-color":"var(--ast-global-color-5)","background-image":"","background-repeat":"repeat","background-position":"center center","background-size":"auto","background-attachment":"scroll","background-type":"","background-media":"","overlay-type":"","overlay-color":"","overlay-opacity":"","overlay-gradient":""},"mobile":{"background-color":"var(--ast-global-color-5)","background-image":"","background-repeat":"repeat","background-position":"center center","background-size":"auto","background-attachment":"scroll","background-type":"","background-media":"","overlay-type":"","overlay-color":"","overlay-opacity":"","overlay-gradient":""}},"footnotes":""},"class_list":["post-394","page","type-page","status-publish","hentry"],"_links":{"self":[{"href":"https:\/\/www.leroyal.eu\/index.php?rest_route=\/wp\/v2\/pages\/394","targetHints":{"allow":["GET"]}}],"collection":[{"href":"https:\/\/www.leroyal.eu\/index.php?rest_route=\/wp\/v2\/pages"}],"about":[{"href":"https:\/\/www.leroyal.eu\/index.php?rest_route=\/wp\/v2\/types\/page"}],"author":[{"embeddable":true,"href":"https:\/\/www.leroyal.eu\/index.php?rest_route=\/wp\/v2\/users\/9"}],"replies":[{"embeddable":true,"href":"https:\/\/www.leroyal.eu\/index.php?rest_route=%2Fwp%2Fv2%2Fcomments&post=394"}],"version-history":[{"count":148,"href":"https:\/\/www.leroyal.eu\/index.php?rest_route=\/wp\/v2\/pages\/394\/revisions"}],"predecessor-version":[{"id":3941,"href":"https:\/\/www.leroyal.eu\/index.php?rest_route=\/wp\/v2\/pages\/394\/revisions\/3941"}],"wp:attachment":[{"href":"https:\/\/www.leroyal.eu\/index.php?rest_route=%2Fwp%2Fv2%2Fmedia&parent=394"}],"curies":[{"name":"wp","href":"https:\/\/api.w.org\/{rel}","templated":true}]}}